{"id":1026,"date":"2023-11-12T16:06:48","date_gmt":"2023-11-12T15:06:48","guid":{"rendered":"https:\/\/racingperformance.fr\/?page_id=1026"},"modified":"2024-02-18T02:06:02","modified_gmt":"2024-02-18T01:06:02","slug":"mentions-legales","status":"publish","type":"page","link":"https:\/\/racingperformance.fr\/?page_id=1026","title":{"rendered":"Mentions l\u00e9gales"},"content":{"rendered":"<style>.kb-row-layout-id1026_3df8a7-40 > .kt-row-column-wrap{align-content:start;}:where(.kb-row-layout-id1026_3df8a7-40 > .kt-row-column-wrap) > .wp-block-kadence-column{justify-content:start;}.kb-row-layout-id1026_3df8a7-40 > .kt-row-column-wrap{column-gap:var(--global-kb-gap-md, 2rem);row-gap:var(--global-kb-gap-md, 2rem);max-width:var( --global-content-width, 1290px );padding-left:var(--global-content-edge-padding);padding-right:var(--global-content-edge-padding);padding-top:140px;padding-bottom:100px;grid-template-columns:minmax(0, 1fr);}.kb-row-layout-id1026_3df8a7-40{background-image:url('https:\/\/racingperformance.fr\/wp-content\/uploads\/2023\/11\/circle-3041437_1920.jpg');background-size:cover;background-position:50% 55.00000000000001%;background-attachment:scroll;background-repeat:no-repeat;}.kb-row-layout-id1026_3df8a7-40 > .kt-row-layout-overlay{opacity:0.50;background-color:#000000;mix-blend-mode:normal;}@media all and (max-width: 1024px){.kb-row-layout-id1026_3df8a7-40 > .kt-row-column-wrap{padding-top:80px;padding-bottom:80px;grid-template-columns:minmax(0, 1fr);}}@media all and (max-width: 767px){.kb-row-layout-id1026_3df8a7-40 > .kt-row-column-wrap{padding-top:100px;padding-right:30px;padding-bottom:80px;padding-left:30px;grid-template-columns:minmax(0, 1fr);}}<\/style><div class=\"kb-row-layout-wrap kb-row-layout-id1026_3df8a7-40 alignnone has-theme-palette7-background-color kt-row-has-bg wp-block-kadence-rowlayout\"><div class=\"kt-row-layout-overlay kt-row-overlay-normal\"><\/div><div class=\"kt-row-column-wrap kt-has-1-columns kt-row-layout-equal kt-tab-layout-inherit kt-mobile-layout-row kt-row-valign-top kb-theme-content-width\">\n<style>.kadence-column1026_a67ee1-c1 > .kt-inside-inner-col,.kadence-column1026_a67ee1-c1 > .kt-inside-inner-col:before{border-top-left-radius:0px;border-top-right-radius:0px;border-bottom-right-radius:0px;border-bottom-left-radius:0px;}.kadence-column1026_a67ee1-c1 > .kt-inside-inner-col{column-gap:var(--global-kb-gap-sm, 1rem);}.kadence-column1026_a67ee1-c1 > .kt-inside-inner-col{flex-direction:column;}.kadence-column1026_a67ee1-c1 > .kt-inside-inner-col > .aligncenter{width:100%;}.kadence-column1026_a67ee1-c1 > .kt-inside-inner-col:before{opacity:0.3;}.kadence-column1026_a67ee1-c1{position:relative;}@media all and (max-width: 1024px){.kadence-column1026_a67ee1-c1 > .kt-inside-inner-col{padding-top:0px;padding-right:0px;padding-bottom:0px;padding-left:0px;flex-direction:column;justify-content:center;}}@media all and (max-width: 767px){.kadence-column1026_a67ee1-c1 > .kt-inside-inner-col{flex-direction:column;justify-content:center;}}<\/style>\n<div class=\"wp-block-kadence-column kadence-column1026_a67ee1-c1 inner-column-1\"><div class=\"kt-inside-inner-col\"><style>.kb-row-layout-id1026_3b9b1f-7d > .kt-row-column-wrap{align-content:start;}:where(.kb-row-layout-id1026_3b9b1f-7d > .kt-row-column-wrap) > .wp-block-kadence-column{justify-content:start;}.kb-row-layout-id1026_3b9b1f-7d > .kt-row-column-wrap{column-gap:var(--global-kb-gap-md, 2rem);row-gap:var(--global-kb-gap-md, 2rem);max-width:600px;margin-left:auto;margin-right:auto;padding-top:0px;padding-bottom:0px;grid-template-columns:minmax(0, 1fr);}.kb-row-layout-id1026_3b9b1f-7d > .kt-row-layout-overlay{opacity:0.30;}@media all and (max-width: 1024px){.kb-row-layout-id1026_3b9b1f-7d > .kt-row-column-wrap{padding-top:0px;padding-right:0px;padding-bottom:0px;padding-left:0px;grid-template-columns:minmax(0, 1fr);}}@media all and (max-width: 767px){.kb-row-layout-id1026_3b9b1f-7d > .kt-row-column-wrap{grid-template-columns:minmax(0, 1fr);}}<\/style><div class=\"kb-row-layout-wrap kb-row-layout-id1026_3b9b1f-7d alignnone wp-block-kadence-rowlayout\"><div class=\"kt-row-column-wrap kt-has-1-columns kt-row-layout-equal kt-tab-layout-inherit kt-mobile-layout-row kt-row-valign-top\">\n<style>.kadence-column1026_2b4813-7b > .kt-inside-inner-col{padding-right:40px;padding-left:40px;}.kadence-column1026_2b4813-7b > .kt-inside-inner-col,.kadence-column1026_2b4813-7b > .kt-inside-inner-col:before{border-top-left-radius:0px;border-top-right-radius:0px;border-bottom-right-radius:0px;border-bottom-left-radius:0px;}.kadence-column1026_2b4813-7b > .kt-inside-inner-col{column-gap:var(--global-kb-gap-sm, 1rem);}.kadence-column1026_2b4813-7b > .kt-inside-inner-col{flex-direction:column;}.kadence-column1026_2b4813-7b > .kt-inside-inner-col > .aligncenter{width:100%;}.kadence-column1026_2b4813-7b > .kt-inside-inner-col:before{opacity:0.3;}.kadence-column1026_2b4813-7b{position:relative;}@media all and (max-width: 1024px){.kadence-column1026_2b4813-7b > .kt-inside-inner-col{flex-direction:column;justify-content:center;}}@media all and (max-width: 767px){.kadence-column1026_2b4813-7b > .kt-inside-inner-col{padding-right:0px;padding-left:0px;flex-direction:column;justify-content:center;}}<\/style>\n<div class=\"wp-block-kadence-column kadence-column1026_2b4813-7b inner-column-1\"><div class=\"kt-inside-inner-col\"><style>.wp-block-kadence-advancedheading.kt-adv-heading1026_ea8b13-64, .wp-block-kadence-advancedheading.kt-adv-heading1026_ea8b13-64[data-kb-block=\"kb-adv-heading1026_ea8b13-64\"]{padding-top:0px;padding-right:0px;padding-bottom:20px;padding-left:0px;margin-top:0px;margin-right:0px;margin-bottom:0px;margin-left:0px;text-align:center;font-size:var(--global-kb-font-size-xl, 3rem);font-style:normal;text-transform:none;text-shadow:2px 2px 2px rgba(0,0,0,0.86);}.wp-block-kadence-advancedheading.kt-adv-heading1026_ea8b13-64 mark.kt-highlight, .wp-block-kadence-advancedheading.kt-adv-heading1026_ea8b13-64[data-kb-block=\"kb-adv-heading1026_ea8b13-64\"] mark.kt-highlight{font-style:normal;color:#f76a0c;-webkit-box-decoration-break:clone;box-decoration-break:clone;padding-top:0px;padding-right:0px;padding-bottom:0px;padding-left:0px;}@media all and (max-width: 1024px){.wp-block-kadence-advancedheading.kt-adv-heading1026_ea8b13-64, .wp-block-kadence-advancedheading.kt-adv-heading1026_ea8b13-64[data-kb-block=\"kb-adv-heading1026_ea8b13-64\"]{text-shadow:2px 2px 2px rgba(0,0,0,0.86);}}@media all and (max-width: 767px){.wp-block-kadence-advancedheading.kt-adv-heading1026_ea8b13-64, .wp-block-kadence-advancedheading.kt-adv-heading1026_ea8b13-64[data-kb-block=\"kb-adv-heading1026_ea8b13-64\"]{text-shadow:2px 2px 2px rgba(0,0,0,0.86);}}<\/style>\n<h1 class=\"kt-adv-heading1026_ea8b13-64 wp-block-kadence-advancedheading\" data-kb-block=\"kb-adv-heading1026_ea8b13-64\">Mentions l\u00e9gales<\/h1>\n<\/div><\/div>\n\n<\/div><\/div><\/div><\/div>\n\n<\/div><\/div>\n\n<style>.kb-row-layout-id1026_d5e9f5-94 > .kt-row-column-wrap{align-content:start;}:where(.kb-row-layout-id1026_d5e9f5-94 > .kt-row-column-wrap) > .wp-block-kadence-column{justify-content:start;}.kb-row-layout-id1026_d5e9f5-94 > .kt-row-column-wrap{column-gap:var(--global-kb-gap-md, 2rem);row-gap:var(--global-kb-gap-md, 2rem);padding-top:40px;padding-bottom:0px;grid-template-columns:minmax(0, 1fr);}.kb-row-layout-id1026_d5e9f5-94{background-color:rgba(0,0,0,0.86);}.kb-row-layout-id1026_d5e9f5-94 > .kt-row-layout-overlay{opacity:0.30;}@media all and (max-width: 1024px){.kb-row-layout-id1026_d5e9f5-94 > .kt-row-column-wrap{grid-template-columns:minmax(0, 1fr);}}@media all and (max-width: 767px){.kb-row-layout-id1026_d5e9f5-94 > .kt-row-column-wrap{grid-template-columns:minmax(0, 1fr);}}<\/style><div class=\"kb-row-layout-wrap kb-row-layout-id1026_d5e9f5-94 alignnone kt-row-has-bg wp-block-kadence-rowlayout\"><div class=\"kt-row-column-wrap kt-has-1-columns kt-row-layout-equal kt-tab-layout-inherit kt-mobile-layout-row kt-row-valign-top\">\n<style>.kadence-column1026_75fd70-27 > .kt-inside-inner-col,.kadence-column1026_75fd70-27 > .kt-inside-inner-col:before{border-top-left-radius:0px;border-top-right-radius:0px;border-bottom-right-radius:0px;border-bottom-left-radius:0px;}.kadence-column1026_75fd70-27 > .kt-inside-inner-col{column-gap:var(--global-kb-gap-sm, 1rem);}.kadence-column1026_75fd70-27 > .kt-inside-inner-col{flex-direction:column;}.kadence-column1026_75fd70-27 > .kt-inside-inner-col > .aligncenter{width:100%;}.kadence-column1026_75fd70-27 > .kt-inside-inner-col:before{opacity:0.3;}.kadence-column1026_75fd70-27{position:relative;}@media all and (max-width: 1024px){.kadence-column1026_75fd70-27 > .kt-inside-inner-col{flex-direction:column;justify-content:center;}}@media all and (max-width: 767px){.kadence-column1026_75fd70-27 > .kt-inside-inner-col{flex-direction:column;justify-content:center;}}<\/style>\n<div class=\"wp-block-kadence-column kadence-column1026_75fd70-27\"><div class=\"kt-inside-inner-col\">\n<h4 class=\"wp-block-heading\"><strong><u>\u00c9DITEUR DU SITE WEB<\/u><\/strong><\/h4>\n\n\n\n<p><strong>Entreprise :&nbsp;<\/strong>Elysia Media<\/p>\n\n\n\n<h4 class=\"wp-block-heading\"><strong><u>DIRECTEUR DE LA PUBLICATION<\/u><\/strong><\/h4>\n\n\n\n<p><strong>Directeur de la publication:<\/strong>&nbsp;Elysia Media<br><\/p>\n\n\n\n<h4 class=\"wp-block-heading\"><strong><u>H\u00c9BERGEUR DU SITE<\/u><\/strong><\/h4>\n\n\n\n<p><strong>Soci\u00e9t\u00e9&nbsp;:&nbsp;<\/strong>Hostinger<br><strong>Si\u00e8ge social&nbsp;<\/strong>:&nbsp;Rue Jonavos 60C, Kaunas 44192 Lituanie<br><strong>Direction:&nbsp;<\/strong>Hostinger UAB<strong><br>Num\u00e9ro de t\u00e9l\u00e9phone&nbsp;<\/strong>: +37064503378<br><strong>Site Internet<\/strong>:&nbsp;https:\/\/www.hostinger.fr\/<br><strong>Signaler un abus:&nbsp;<\/strong>https:\/\/www.hostinger.fr\/signaler-un-abus<\/p>\n\n\n\n<h4 class=\"wp-block-heading\"><strong><u>PROPRI\u00c9T\u00c9 INTELLECTUELLE<\/u><\/strong><\/h4>\n\n\n\n<p>Quel qu\u2019en soit le support, tous \u00e9l\u00e9ments \u00e9dit\u00e9s sur le site d\u00e9pos\u00e9s ou non, sans que cette \u00e9num\u00e9ration soit limitative : charte graphique, logiciel, base de donn\u00e9es, dessins et mod\u00e8les, croquis, offres de prix, photos, catalogues, images, son, vid\u00e9os et autres documents publicitaires ou non, sont la propri\u00e9t\u00e9 exclusive de&nbsp;Racing Performance<strong>&nbsp;<\/strong>d\u2019une part et sont prot\u00e9g\u00e9s par le Code de la Propri\u00e9t\u00e9 intellectuelle, d\u2019autre part. Toute utilisation ou reproduction que ce soit de ces \u00e9l\u00e9ments est interdite, \u00e0 d\u00e9faut d\u2019accord \u00e9crit et pr\u00e9alable de&nbsp;Racing Performance.<\/p>\n\n\n\n<h4 class=\"wp-block-heading\"><strong><u>TRAITEMENT DES DONNES<\/u><\/strong><\/h4>\n\n\n\n<p>Les informations recueillies sur les formulaires sont enregistr\u00e9es dans un fichier informatis\u00e9 par&nbsp;Racing Performance pour la&nbsp;<strong>gestion de sa client\u00e8le<\/strong>. Elles sont conserv\u00e9es pendant&nbsp;<strong>3 ans<\/strong>&nbsp;et sont destin\u00e9es au&nbsp;<strong>service marketing et commercial \u00e9tabli en France au sein de l\u2019Union europ\u00e9enne<\/strong>. Conform\u00e9ment \u00e0 la&nbsp;<a href=\"https:\/\/www.cnil.fr\/fr\/loi-78-17-du-6-janvier-1978-modifiee\" target=\"_blank\" rel=\"noreferrer noopener\">loi \u00ab&nbsp;informatique et libert\u00e9s&nbsp;\u00bb<\/a>, vous pouvez exercer votre droit d\u2019acc\u00e8s aux donn\u00e9es vous concernant et les faire rectifier en contactant Racing Performance&nbsp;. Conform\u00e9ment \u00e0 la Loi Informatique et Libert\u00e9s du 6 janvier 1978, vous disposez d\u2019un droit d\u2019acc\u00e8s et de rectification aux donn\u00e9es personnelles vous concernant. Si vous souhaitez exercer ce droit, il vous suffit de nous \u00e9crire en en faisant la demande via la page \u00ab&nbsp;Contact&nbsp;\u00bb.<\/p>\n<\/div><\/div>\n\n<\/div><\/div>","protected":false},"excerpt":{"rendered":"<p>Mentions l\u00e9gales \u00c9DITEUR DU SITE WEB Entreprise :&nbsp;Elysia Media DIRECTEUR DE LA PUBLICATION Directeur de la publication:&nbsp;Elysia Media H\u00c9BERGEUR DU SITE Soci\u00e9t\u00e9&nbsp;:&nbsp;HostingerSi\u00e8ge social&nbsp;:&nbsp;Rue Jonavos 60C, Kaunas 44192 LituanieDirection:&nbsp;Hostinger UABNum\u00e9ro de t\u00e9l\u00e9phone&nbsp;: +37064503378Site Internet:&nbsp;https:\/\/www.hostinger.fr\/Signaler un abus:&nbsp;https:\/\/www.hostinger.fr\/signaler-un-abus PROPRI\u00c9T\u00c9 INTELLECTUELLE Quel qu\u2019en soit le support, tous \u00e9l\u00e9ments \u00e9dit\u00e9s sur le site d\u00e9pos\u00e9s ou non, sans que cette \u00e9num\u00e9ration&#8230;<\/p>\n","protected":false},"author":1,"featured_media":0,"parent":0,"menu_order":0,"comment_status":"closed","ping_status":"closed","template":"","meta":{"_kadence_starter_templates_imported_post":true,"_kad_post_transparent":"","_kad_post_title":"hide","_kad_post_layout":"fullwidth","_kad_post_sidebar_id":"","_kad_post_content_style":"unboxed","_kad_post_vertical_padding":"hide","_kad_post_feature":"hide","_kad_post_feature_position":"","_kad_post_header":false,"_kad_post_footer":false,"footnotes":""},"_links":{"self":[{"href":"https:\/\/racingperformance.fr\/index.php?rest_route=\/wp\/v2\/pages\/1026"}],"collection":[{"href":"https:\/\/racingperformance.fr\/index.php?rest_route=\/wp\/v2\/pages"}],"about":[{"href":"https:\/\/racingperformance.fr\/index.php?rest_route=\/wp\/v2\/types\/page"}],"author":[{"embeddable":true,"href":"https:\/\/racingperformance.fr\/index.php?rest_route=\/wp\/v2\/users\/1"}],"replies":[{"embeddable":true,"href":"https:\/\/racingperformance.fr\/index.php?rest_route=%2Fwp%2Fv2%2Fcomments&post=1026"}],"version-history":[{"count":3,"href":"https:\/\/racingperformance.fr\/index.php?rest_route=\/wp\/v2\/pages\/1026\/revisions"}],"predecessor-version":[{"id":1101,"href":"https:\/\/racingperformance.fr\/index.php?rest_route=\/wp\/v2\/pages\/1026\/revisions\/1101"}],"wp:attachment":[{"href":"https:\/\/racingperformance.fr\/index.php?rest_route=%2Fwp%2Fv2%2Fmedia&parent=1026"}],"curies":[{"name":"wp","href":"https:\/\/api.w.org\/{rel}","templated":true}]}}