{"id":1029,"date":"2023-11-12T16:15:22","date_gmt":"2023-11-12T15:15:22","guid":{"rendered":"https:\/\/racingperformance.fr\/?page_id=1029"},"modified":"2024-02-18T02:05:47","modified_gmt":"2024-02-18T01:05:47","slug":"conditions-generales-de-vente","status":"publish","type":"page","link":"https:\/\/racingperformance.fr\/?page_id=1029","title":{"rendered":"Conditions g\u00e9n\u00e9rales de vente"},"content":{"rendered":"<style>.kb-row-layout-id1029_30940c-86 > .kt-row-column-wrap{align-content:start;}:where(.kb-row-layout-id1029_30940c-86 > .kt-row-column-wrap) > .wp-block-kadence-column{justify-content:start;}.kb-row-layout-id1029_30940c-86 > .kt-row-column-wrap{column-gap:var(--global-kb-gap-md, 2rem);row-gap:var(--global-kb-gap-md, 2rem);max-width:var( --global-content-width, 1290px );padding-left:var(--global-content-edge-padding);padding-right:var(--global-content-edge-padding);padding-top:140px;padding-bottom:100px;grid-template-columns:minmax(0, 1fr);}.kb-row-layout-id1029_30940c-86{background-image:url('https:\/\/racingperformance.fr\/wp-content\/uploads\/2023\/11\/circle-3041437_1920.jpg');background-size:cover;background-position:50% 55.00000000000001%;background-attachment:scroll;background-repeat:no-repeat;}.kb-row-layout-id1029_30940c-86 > .kt-row-layout-overlay{opacity:0.50;background-color:#000000;mix-blend-mode:normal;}@media all and (max-width: 1024px){.kb-row-layout-id1029_30940c-86 > .kt-row-column-wrap{padding-top:80px;padding-bottom:80px;grid-template-columns:minmax(0, 1fr);}}@media all and (max-width: 767px){.kb-row-layout-id1029_30940c-86 > .kt-row-column-wrap{padding-top:100px;padding-right:30px;padding-bottom:80px;padding-left:30px;grid-template-columns:minmax(0, 1fr);}}<\/style><div class=\"kb-row-layout-wrap kb-row-layout-id1029_30940c-86 alignnone has-theme-palette7-background-color kt-row-has-bg wp-block-kadence-rowlayout\"><div class=\"kt-row-layout-overlay kt-row-overlay-normal\"><\/div><div class=\"kt-row-column-wrap kt-has-1-columns kt-row-layout-equal kt-tab-layout-inherit kt-mobile-layout-row kt-row-valign-top kb-theme-content-width\">\n<style>.kadence-column1029_f8eb17-52 > .kt-inside-inner-col,.kadence-column1029_f8eb17-52 > .kt-inside-inner-col:before{border-top-left-radius:0px;border-top-right-radius:0px;border-bottom-right-radius:0px;border-bottom-left-radius:0px;}.kadence-column1029_f8eb17-52 > .kt-inside-inner-col{column-gap:var(--global-kb-gap-sm, 1rem);}.kadence-column1029_f8eb17-52 > .kt-inside-inner-col{flex-direction:column;}.kadence-column1029_f8eb17-52 > .kt-inside-inner-col > .aligncenter{width:100%;}.kadence-column1029_f8eb17-52 > .kt-inside-inner-col:before{opacity:0.3;}.kadence-column1029_f8eb17-52{position:relative;}@media all and (max-width: 1024px){.kadence-column1029_f8eb17-52 > .kt-inside-inner-col{padding-top:0px;padding-right:0px;padding-bottom:0px;padding-left:0px;flex-direction:column;justify-content:center;}}@media all and (max-width: 767px){.kadence-column1029_f8eb17-52 > .kt-inside-inner-col{flex-direction:column;justify-content:center;}}<\/style>\n<div class=\"wp-block-kadence-column kadence-column1029_f8eb17-52 inner-column-1\"><div class=\"kt-inside-inner-col\"><style>.kb-row-layout-id1029_b5c760-07 > .kt-row-column-wrap{align-content:start;}:where(.kb-row-layout-id1029_b5c760-07 > .kt-row-column-wrap) > .wp-block-kadence-column{justify-content:start;}.kb-row-layout-id1029_b5c760-07 > .kt-row-column-wrap{column-gap:var(--global-kb-gap-md, 2rem);row-gap:var(--global-kb-gap-md, 2rem);max-width:600px;margin-left:auto;margin-right:auto;padding-top:0px;padding-bottom:0px;grid-template-columns:minmax(0, 1fr);}.kb-row-layout-id1029_b5c760-07 > .kt-row-layout-overlay{opacity:0.30;}@media all and (max-width: 1024px){.kb-row-layout-id1029_b5c760-07 > .kt-row-column-wrap{padding-top:0px;padding-right:0px;padding-bottom:0px;padding-left:0px;grid-template-columns:minmax(0, 1fr);}}@media all and (max-width: 767px){.kb-row-layout-id1029_b5c760-07 > .kt-row-column-wrap{grid-template-columns:minmax(0, 1fr);}}<\/style><div class=\"kb-row-layout-wrap kb-row-layout-id1029_b5c760-07 alignnone wp-block-kadence-rowlayout\"><div class=\"kt-row-column-wrap kt-has-1-columns kt-row-layout-equal kt-tab-layout-inherit kt-mobile-layout-row kt-row-valign-top\">\n<style>.kadence-column1029_17a72c-83 > .kt-inside-inner-col{padding-right:40px;padding-left:40px;}.kadence-column1029_17a72c-83 > .kt-inside-inner-col,.kadence-column1029_17a72c-83 > .kt-inside-inner-col:before{border-top-left-radius:0px;border-top-right-radius:0px;border-bottom-right-radius:0px;border-bottom-left-radius:0px;}.kadence-column1029_17a72c-83 > .kt-inside-inner-col{column-gap:var(--global-kb-gap-sm, 1rem);}.kadence-column1029_17a72c-83 > .kt-inside-inner-col{flex-direction:column;}.kadence-column1029_17a72c-83 > .kt-inside-inner-col > .aligncenter{width:100%;}.kadence-column1029_17a72c-83 > .kt-inside-inner-col:before{opacity:0.3;}.kadence-column1029_17a72c-83{position:relative;}@media all and (max-width: 1024px){.kadence-column1029_17a72c-83 > .kt-inside-inner-col{flex-direction:column;justify-content:center;}}@media all and (max-width: 767px){.kadence-column1029_17a72c-83 > .kt-inside-inner-col{padding-right:0px;padding-left:0px;flex-direction:column;justify-content:center;}}<\/style>\n<div class=\"wp-block-kadence-column kadence-column1029_17a72c-83 inner-column-1\"><div class=\"kt-inside-inner-col\"><style>.wp-block-kadence-advancedheading.kt-adv-heading1029_01de0c-fb, .wp-block-kadence-advancedheading.kt-adv-heading1029_01de0c-fb[data-kb-block=\"kb-adv-heading1029_01de0c-fb\"]{padding-top:0px;padding-right:0px;padding-bottom:20px;padding-left:0px;margin-top:0px;margin-right:0px;margin-bottom:0px;margin-left:0px;text-align:center;font-size:var(--global-kb-font-size-xl, 3rem);font-style:normal;text-transform:none;text-shadow:2px 2px 2px rgba(0,0,0,0.86);}.wp-block-kadence-advancedheading.kt-adv-heading1029_01de0c-fb mark.kt-highlight, .wp-block-kadence-advancedheading.kt-adv-heading1029_01de0c-fb[data-kb-block=\"kb-adv-heading1029_01de0c-fb\"] mark.kt-highlight{font-style:normal;color:#f76a0c;-webkit-box-decoration-break:clone;box-decoration-break:clone;padding-top:0px;padding-right:0px;padding-bottom:0px;padding-left:0px;}@media all and (max-width: 1024px){.wp-block-kadence-advancedheading.kt-adv-heading1029_01de0c-fb, .wp-block-kadence-advancedheading.kt-adv-heading1029_01de0c-fb[data-kb-block=\"kb-adv-heading1029_01de0c-fb\"]{text-shadow:2px 2px 2px rgba(0,0,0,0.86);}}@media all and (max-width: 767px){.wp-block-kadence-advancedheading.kt-adv-heading1029_01de0c-fb, .wp-block-kadence-advancedheading.kt-adv-heading1029_01de0c-fb[data-kb-block=\"kb-adv-heading1029_01de0c-fb\"]{text-shadow:2px 2px 2px rgba(0,0,0,0.86);}}<\/style>\n<h1 class=\"kt-adv-heading1029_01de0c-fb wp-block-kadence-advancedheading\" data-kb-block=\"kb-adv-heading1029_01de0c-fb\">CGV<\/h1>\n<\/div><\/div>\n\n<\/div><\/div><\/div><\/div>\n\n<\/div><\/div>\n\n<style>.kb-row-layout-id1029_dda509-b1 > .kt-row-column-wrap{align-content:start;}:where(.kb-row-layout-id1029_dda509-b1 > .kt-row-column-wrap) > .wp-block-kadence-column{justify-content:start;}.kb-row-layout-id1029_dda509-b1 > .kt-row-column-wrap{column-gap:var(--global-kb-gap-md, 2rem);row-gap:var(--global-kb-gap-md, 2rem);padding-top:40px;padding-bottom:0px;grid-template-columns:minmax(0, 1fr);}.kb-row-layout-id1029_dda509-b1{background-color:rgba(0,0,0,0.86);}.kb-row-layout-id1029_dda509-b1 > .kt-row-layout-overlay{opacity:0.30;}@media all and (max-width: 1024px){.kb-row-layout-id1029_dda509-b1 > .kt-row-column-wrap{grid-template-columns:minmax(0, 1fr);}}@media all and (max-width: 767px){.kb-row-layout-id1029_dda509-b1 > .kt-row-column-wrap{grid-template-columns:minmax(0, 1fr);}}<\/style><div class=\"kb-row-layout-wrap kb-row-layout-id1029_dda509-b1 alignnone kt-row-has-bg wp-block-kadence-rowlayout\"><div class=\"kt-row-column-wrap kt-has-1-columns kt-row-layout-equal kt-tab-layout-inherit kt-mobile-layout-row kt-row-valign-top\">\n<style>.kadence-column1029_d4c15b-f9 > .kt-inside-inner-col,.kadence-column1029_d4c15b-f9 > .kt-inside-inner-col:before{border-top-left-radius:0px;border-top-right-radius:0px;border-bottom-right-radius:0px;border-bottom-left-radius:0px;}.kadence-column1029_d4c15b-f9 > .kt-inside-inner-col{column-gap:var(--global-kb-gap-sm, 1rem);}.kadence-column1029_d4c15b-f9 > .kt-inside-inner-col{flex-direction:column;}.kadence-column1029_d4c15b-f9 > .kt-inside-inner-col > .aligncenter{width:100%;}.kadence-column1029_d4c15b-f9 > .kt-inside-inner-col:before{opacity:0.3;}.kadence-column1029_d4c15b-f9{position:relative;}@media all and (max-width: 1024px){.kadence-column1029_d4c15b-f9 > .kt-inside-inner-col{flex-direction:column;justify-content:center;}}@media all and (max-width: 767px){.kadence-column1029_d4c15b-f9 > .kt-inside-inner-col{flex-direction:column;justify-content:center;}}<\/style>\n<div class=\"wp-block-kadence-column kadence-column1029_d4c15b-f9\"><div class=\"kt-inside-inner-col\">\n<p>Conditions g\u00e9n\u00e9rales de ventes de Racing Performance :<\/p>\n\n\n\n<p>Article 1 : Application et opposabilit\u00e9 des conditions g\u00e9n\u00e9rales de vente<\/p>\n\n\n\n<p>Sauf convention particuli\u00e8re, toute commande implique l\u2019adh\u00e9sion enti\u00e8re et sans r\u00e9serve du client aux pr\u00e9sentes conditions g\u00e9n\u00e9rales de vente, tout autre document tel que prospectus, catalogue \u00e9mis par le vendeur n\u2019ont juridiquement aucune valeur. Les conditions g\u00e9n\u00e9rales ou particuli\u00e8res de l\u2019acheteur ne pourront jamais et en aucun cas pr\u00e9valoir sur les pr\u00e9sentes conditions g\u00e9n\u00e9rales, sauf d\u00e9rogation expresse et \u00e9crite du vendeur.<\/p>\n\n\n\n<p>Article 2 : Conclusion du contrat<\/p>\n\n\n\n<p>Le contrat est conclu par la simple signature du bon de commande. Par la signature du bon de commande, le client s\u2019engage irr\u00e9vocablement \u00e0 respecter toutes les obligations d\u00e9coulant du contrat ainsi que des pr\u00e9sentes conditions g\u00e9n\u00e9rales.<\/p>\n\n\n\n<p>Article 3 : Modification de la commande<\/p>\n\n\n\n<p>Toute modification ou r\u00e9siliation du contrat demand\u00e9e par l\u2019acheteur ne peut \u00eatre prise en consid\u00e9ration que si elle est parvenue par \u00e9crit avant toute prestation du vendeur et\/ou avant installation de toute composante mat\u00e9rielle. Le vendeur n\u2019est jamais tenu d\u2019accepter une modification demand\u00e9e par l\u2019acheteur. En tous les cas, si le vendeur accepte la r\u00e9siliation du contrat conclu, l\u2019acheteur sera redevable de plein droit et sans mise en demeure d\u2019une indemnit\u00e9 de d\u00e9dit \u00e9quivalente \u00e0 15 % du prix fix\u00e9 dans le bon de commande, avec un minimum de 200 EUROS. Jamais aucun acompte per\u00e7u par le vendeur ne sera restitu\u00e9 en cas de r\u00e9siliation demand\u00e9e par l\u2019acheteur et accept\u00e9e par le vendeur.<\/p>\n\n\n\n<p>Article 4 : Prix<\/p>\n\n\n\n<p>Les services pr\u00e9sent\u00e9s sur le site Internet du vendeur sont propos\u00e9s par Racing Performance. Les prix indiqu\u00e9s sont des prix maximum conseill\u00e9s. Ceux-ci sont stipul\u00e9s, selon les supports, hors taxes ou toutes taxes comprises. En raison de la mise \u00e0 jour continue, les produits peuvent \u00eatre modifi\u00e9s \u00e0 tout moment. Le prix d\u00e9finitif dont le client est redevable et \u00e0 prendre en consid\u00e9ration est uniquement celui figurant sur le bon de commande sign\u00e9 par l\u2019acheteur.<\/p>\n\n\n\n<p>Article 5 : Installation des produits<\/p>\n\n\n\n<p>Les installations ne sont op\u00e9r\u00e9es qu\u2019en fonction des disponibilit\u00e9s de la commande et dans l\u2019ordre d\u2019arriv\u00e9e des commandes. De plus, les d\u00e9lais d\u2019installation peuvent fluctuer selon la complexit\u00e9 des v\u00e9hicules. Le d\u00e9lai d\u2019installation pr\u00e9vu dans le bon de commande n\u2019a qu\u2019une valeur purement indicative et ne saurait en aucun cas astreindre le vendeur \u00e0 une obligation de r\u00e9sultat. Les d\u00e9passements de d\u00e9lai de livraison ne peuvent en aucun cas donner lieu \u00e0 dommages et int\u00e9r\u00eats, \u00e0 retenue, ni \u00e0 annulation des commandes en cours.<\/p>\n\n\n\n<p>Article 6 : Garantie<\/p>\n\n\n\n<p>Nous ne garantissons que la reprogrammation op\u00e9r\u00e9e sur le v\u00e9hicule. Si le v\u00e9hicule reprogramm\u00e9 venait \u00e0 retrouver sa configuration originale dans les 5 ans \u00e0 dater de la reprogrammation en nos ateliers, nous reprogrammons sans frais le v\u00e9hicule. La mention satisfait ou rembours\u00e9 est valable une semaine \u00e0 compter de la date de livraison et n\u2019est applicable uniquement que si le v\u00e9hicule ne pr\u00e9sente aucun code d\u00e9faut au diagnostic, est en parfait \u00e9tat m\u00e9canique et si le v\u00e9hicule n\u2019a subi aucune modification avant notre intervention et si les entretiens repris dans le carnet d\u2019entretien du v\u00e9hicule ont \u00e9t\u00e9 effectu\u00e9s. La demande de remboursement devra \u00eatre effectu\u00e9e par courrier recommand\u00e9 adress\u00e9 au vendeur, faute de quoi aucun remboursement ne sera d\u00fb par le vendeur.<\/p>\n\n\n\n<p>Article 7 : Paiement<\/p>\n\n\n\n<p>Sauf mention contraire, les paiements sont effectu\u00e9s au comptant lors de l\u2019\u00e9mission de la facture ou \u00e0 l\u2019\u00e9ch\u00e9ance indiqu\u00e9e sur celle-ci. Le client peut payer soit en liquide, soit par monnaie scripturale (Mastercard, ou Visa). En cas de retard de paiement, le vendeur pourra suspendre toutes les commandes en cours sans pr\u00e9judice de toutes autres voies d\u2019action. Toute somme non pay\u00e9e au comptant ou \u00e0 l\u2019\u00e9ch\u00e9ance figurant sur la facture entra\u00eene de plein droit un int\u00e9r\u00eat conventionnel de 10 %, ceci sans mise en demeure pr\u00e9alable. En cas de retard ou d\u2019absence de paiement, l\u2019acheteur sera \u00e9galement redevable d\u2019une indemnit\u00e9 fix\u00e9e forfaitairement \u00e0 15% du prix, cette indemnit\u00e9 ne pouvant cependant \u00eatre inf\u00e9rieure \u00e0 150 EUROS.<\/p>\n\n\n\n<p>Article 8 : R\u00e9glementation sp\u00e9cifiques aux produits install\u00e9s<\/p>\n\n\n\n<p>Le vendeur attire l\u2019attention de l\u2019installateur ou de l\u2019utilisateur sur le fait que la reprogrammation du v\u00e9hicule, la mise en place des produits ou toute autre intervention op\u00e9r\u00e9e par le vendeur peut vraisemblablement entra\u00eener la modification de certaines caract\u00e9ristiques techniques des v\u00e9hicules. Les v\u00e9hicules apr\u00e8s intervention du vendeur ne sont plus conformes au certificat de conformit\u00e9 d\u2019origine et ne peuvent normalement plus circuler sur la voie publique.<\/p>\n\n\n\n<p>Garantie constructeur<\/p>\n\n\n\n<p>Le constructeur du v\u00e9hicule peut, suite aux modifications apport\u00e9es par le vendeur au v\u00e9hicule, refuser d\u2019accorder la garantie constructeur dont le client b\u00e9n\u00e9ficie normalement. Le vendeur ne saurait en aucun cas \u00eatre tenu responsable d\u2019un refus d\u2019intervention du constructeur bas\u00e9 sur la dite. Aucune indemnit\u00e9 ne pourra d\u00e8s lors lui \u00eatre r\u00e9clam\u00e9e en cas de refus du constructeur d\u2019appliquer la garantie.<\/p>\n\n\n\n<p>Assurances responsabilit\u00e9 civile<\/p>\n\n\n\n<p>Le vendeur attire l\u2019attention de l\u2019acheteur sur le fait que les modifications op\u00e9r\u00e9es sur le v\u00e9hicule obligent le client \u00e0 en avertir sa compagnie d\u2019assurances responsabilit\u00e9 civile, \u00e0 d\u00e9faut de quoi cette derni\u00e8re pourrait refuser son intervention ou exercer une action r\u00e9cursoire \u00e0 l\u2019encontre de son assur\u00e9. Le vendeur signale \u00e9galement qu\u2019une telle d\u00e9claration \u00e0 l\u2019assurance peut entra\u00eener une augmentation des primes pay\u00e9es par l\u2019assur\u00e9. En aucun cas, le vendeur ne pourra \u00eatre tenu responsable d\u2019un \u00e9ventuel refus d\u2019intervention de l\u2019assurance ou d\u2019une demande de surprime.<\/p>\n\n\n\n<p>Article 9 : Responsabilit\u00e9 du vendeur<\/p>\n\n\n\n<p>D\u00e9finition :<\/p>\n\n\n\n<p>V\u00e9hicule confi\u00e9 : v\u00e9hicule confi\u00e9 au vendeur par le client en vue d\u2019effectuer un travail, tels que des diagnostiques, tests, optimisation, modification de la cartographie moteur.<\/p>\n\n\n\n<p>Dommages occasionn\u00e9s aux v\u00e9hicules de tiers par des v\u00e9hicules confi\u00e9s.<\/p>\n\n\n\n<p>La responsabilit\u00e9 du vendeur est engag\u00e9e lors d\u2019un d\u00e9placement d\u2019un v\u00e9hicule dans l\u2019enceinte ou dans un environnement imm\u00e9diat de notre atelier :<\/p>\n\n\n\n<ul>\n<li>Lors de l\u2019essai d\u2019un v\u00e9hicule sur la voie publique dans un rayon de maximum 20 km de l\u2019entreprise.<\/li>\n\n\n\n<li>Lors de l\u2019aller-retour du v\u00e9hicule confi\u00e9 par le client.<\/li>\n\n\n\n<li>Lors du remorquage du v\u00e9hicule confi\u00e9.<\/li>\n<\/ul>\n\n\n\n<p>La responsabilit\u00e9 du vendeur ne pourra cependant \u00eatre mise en cause, lors du d\u00e9placement et de la mise en circulation du v\u00e9hicule confi\u00e9 par le client, que si le v\u00e9hicule n\u2019est pas assur\u00e9 par un contrat R.C. Auto et si les conditions suivantes sont r\u00e9unies :<\/p>\n\n\n\n<ul>\n<li>le v\u00e9hicule est conduit par un assur\u00e9 en possession d\u2019un permis valable et appropri\u00e9 au type de v\u00e9hicule conduit.<\/li>\n\n\n\n<li>la mise en circulation du v\u00e9hicule confi\u00e9 est rendue n\u00e9cessaire par les travaux.<\/li>\n<\/ul>\n\n\n\n<p>En cas de sinistre, les dispositions, montants et les limitations pr\u00e9vus par la loi du 21 novembre 1989 sur l\u2019assurance obligatoire en mati\u00e8re de v\u00e9hicules, sont d\u2019application.<\/p>\n\n\n\n<p>Dommage aux v\u00e9hicules confi\u00e9s et objets confi\u00e9s<\/p>\n\n\n\n<p>Les dommages suivants engagent la responsabilit\u00e9 du vendeur :<\/p>\n\n\n\n<p>\u00b7 Dommages occasionn\u00e9s lors d\u2019essais effectu\u00e9s, dans un rayon de 20 kilom\u00e8tres maximum, pour autant que le v\u00e9hicule soit muni de sa plaque d\u2019immatriculation habituelle et que le conducteur du v\u00e9hicule soit titulaire d\u2019un permis valable adapt\u00e9 \u00e0 la cat\u00e9gorie de v\u00e9hicule \u00e0 laquelle appartient le v\u00e9hicule confi\u00e9.<\/p>\n\n\n\n<p>\u00b7 Dommages occasionn\u00e9s \u00e0 des v\u00e9hicules confi\u00e9s, \u00e0 la suite d\u2019un incendie ou d\u2019une explosion au sein des ateliers du vendeur. En cas d\u2019incendie, de feu, d\u2019explosion, de fum\u00e9e, notre responsabilit\u00e9 ne peut \u00eatre engag\u00e9e que si ces incidents soudains surviennent \u00e0 l\u2019occasion d\u2019op\u00e9rations de ravitaillement ou de travaux ex\u00e9cut\u00e9s en dehors des b\u00e2timents de l\u2019entreprise assur\u00e9e. De m\u00eame, le dommage caus\u00e9 ne sera pris en charge par le vendeur qu\u2019\u00e0 concurrence d\u2019un montant maximum de 250.000 EUROS. Les d\u00e9g\u00e2ts aux objets se trouvant dans le coffre ou \u00e0 l\u2019int\u00e9rieur du v\u00e9hicule confi\u00e9 n\u2019engageront jamais la responsabilit\u00e9 du vendeur.<\/p>\n\n\n\n<p>Vol du v\u00e9hicule<\/p>\n\n\n\n<p>La responsabilit\u00e9 civile du vendeur est engag\u00e9e pour le vol d\u2019un v\u00e9hicule confi\u00e9 (options et accessoires inclus) ou .pour toute d\u00e9gradation cons\u00e9cutive \u00e0 un vol ou \u00e0 une tentative de vol. Le droit \u00e0 indemnisation ne sera ouvert que si, apr\u00e8s un d\u00e9lai de 30 jours apr\u00e8s la conclusion de l\u2019enqu\u00eate judiciaire, le v\u00e9hicule n\u2019a pas \u00e9t\u00e9 retrouv\u00e9. La responsabilit\u00e9 du vendeur ne sera en aucun cas engag\u00e9e pour les objets transport\u00e9s par le v\u00e9hicule vol\u00e9:<\/p>\n\n\n\n<ul>\n<li>Pendant les heures d\u2019ouverture, les v\u00e9hicules dont les clefs et\/ou la commande de syst\u00e8me antivol se trouvent dans ou \u00e0 l\u2019int\u00e9rieur de ceux-ci et, s\u2019ils sont situ\u00e9s en dehors du ou des b\u00e2timents, lorsqu\u2019ils ne sont ni ferm\u00e9s \u00e0 clefs ni prot\u00e9g\u00e9s par le syst\u00e8me antivol.<\/li>\n\n\n\n<li>Durant les heures de fermeture de l\u2019entreprise, les v\u00e9hicules non ferm\u00e9s \u00e0 clefs et :ou non prot\u00e9g\u00e9s par leur syst\u00e8me antivol, situ\u00e9s soit dans le b\u00e2timent, soit \u00e0 l\u2019int\u00e9rieur de l\u2019enceinte.<\/li>\n\n\n\n<li>les vols commis par ou avec la complicit\u00e9 d\u2019un client ou d\u2019un membre de la famille ou par une personne \u00e0 son service ou par un sous-traitant.<\/li>\n\n\n\n<li>Le vol d\u2019objets qui se trouvent \u00e0 l\u2019int\u00e9rieur du v\u00e9hicule.<\/li>\n<\/ul>\n\n\n\n<p>Article 10 : Obligations et responsabilit\u00e9 du client<\/p>\n\n\n\n<p>En tant que Client, vous \u00eates responsable :<\/p>\n\n\n\n<p>\u00b7 de votre propre choix du produit et de son ad\u00e9quation \u00e0 l\u2019usage que vous en ferez,<\/p>\n\n\n\n<p>\u00b7 de vos frais t\u00e9l\u00e9phoniques et postaux lorsque vous nous contactez,<\/p>\n\n\n\n<p>\u00b7 de l\u2019entretien de votre v\u00e9hicule selon les recommandations du constructeur.<\/p>\n\n\n\n<p>\u00b7 des d\u00e9clarations r\u00e9glementaires vous incombant, notamment les d\u00e9clarations \u00e0 l\u2019assurance pr\u00e9cis\u00e9es dans l\u2019article<\/p>\n\n\n\n<p>Vous devez \u00e0 notre personnel toute la courtoisie raisonnable, les informations, la coop\u00e9ration et les facilit\u00e9s d\u2019acc\u00e8s propres \u00e0 permettre l\u2019ex\u00e9cution rapide de nos engagements faute de quoi nous pourrions faire valoir la r\u00e9solution du contrat \u00e0 vos torts exclusifs..<\/p>\n\n\n\n<p>Article 11 : Protection des donn\u00e9es<\/p>\n\n\n\n<p>Vous acceptez que les informations vous concernant soient conserv\u00e9es ou transf\u00e9r\u00e9es conform\u00e9ment aux lois applicables sur la protection des donn\u00e9es personnelles, et aux traitements informatiques g\u00e9r\u00e9s par Racing Performance. Vous pouvez nous demander de ne pas utiliser les informations vous concernant dans un but commercial.<\/p>\n\n\n\n<p>Article 12 : Droit applicable et comp\u00e9tence territoriale<\/p>\n\n\n\n<p>En cas de litige, les tribunaux seront seuls comp\u00e9tents et seul le droit Fran\u00e7ais sera d\u2019application.<\/p>\n\n\n\n<p>Article 13 : Nullit\u00e9 d\u2019une clause<\/p>\n\n\n\n<p>Si l\u2019une des pr\u00e9sentes clauses devait \u00eatre d\u00e9clar\u00e9e nulle ou contraire \u00e0 une norme imp\u00e9rative ou d\u2019ordre public de droit fran\u00e7ais, seule cette clause serait affect\u00e9e par la nullit\u00e9. Ni la convention ni les autres clauses des pr\u00e9sentes conditions g\u00e9n\u00e9rales ne seraient affect\u00e9s par la nullit\u00e9.<\/p>\n\n\n\n<p>Par la pr\u00e9sente signature, je reconnais avoir pris connaissance des pr\u00e9sentes conditions g\u00e9n\u00e9rales.<\/p>\n\n\n\n<p>Nom de la soci\u00e9t\u00e9 : Racing Performance<br>Num\u00e9ro de Siret : <\/p>\n\n\n\n<p>Adresse de la soci\u00e9t\u00e9 : Martigues <br>Adresse du siege social de la soci\u00e9t\u00e9 : Martigues<\/p>\n<\/div><\/div>\n\n<\/div><\/div>","protected":false},"excerpt":{"rendered":"<p>CGV Conditions g\u00e9n\u00e9rales de ventes de Racing Performance : Article 1 : Application et opposabilit\u00e9 des conditions g\u00e9n\u00e9rales de vente Sauf convention particuli\u00e8re, toute commande implique l\u2019adh\u00e9sion enti\u00e8re et sans r\u00e9serve du client aux pr\u00e9sentes conditions g\u00e9n\u00e9rales de vente, tout autre document tel que prospectus, catalogue \u00e9mis par le vendeur n\u2019ont juridiquement aucune valeur. Les&#8230;<\/p>\n","protected":false},"author":1,"featured_media":0,"parent":0,"menu_order":0,"comment_status":"closed","ping_status":"closed","template":"","meta":{"_kadence_starter_templates_imported_post":true,"_kad_post_transparent":"","_kad_post_title":"hide","_kad_post_layout":"fullwidth","_kad_post_sidebar_id":"","_kad_post_content_style":"unboxed","_kad_post_vertical_padding":"hide","_kad_post_feature":"hide","_kad_post_feature_position":"","_kad_post_header":false,"_kad_post_footer":false,"footnotes":""},"_links":{"self":[{"href":"https:\/\/racingperformance.fr\/index.php?rest_route=\/wp\/v2\/pages\/1029"}],"collection":[{"href":"https:\/\/racingperformance.fr\/index.php?rest_route=\/wp\/v2\/pages"}],"about":[{"href":"https:\/\/racingperformance.fr\/index.php?rest_route=\/wp\/v2\/types\/page"}],"author":[{"embeddable":true,"href":"https:\/\/racingperformance.fr\/index.php?rest_route=\/wp\/v2\/users\/1"}],"replies":[{"embeddable":true,"href":"https:\/\/racingperformance.fr\/index.php?rest_route=%2Fwp%2Fv2%2Fcomments&post=1029"}],"version-history":[{"count":2,"href":"https:\/\/racingperformance.fr\/index.php?rest_route=\/wp\/v2\/pages\/1029\/revisions"}],"predecessor-version":[{"id":1100,"href":"https:\/\/racingperformance.fr\/index.php?rest_route=\/wp\/v2\/pages\/1029\/revisions\/1100"}],"wp:attachment":[{"href":"https:\/\/racingperformance.fr\/index.php?rest_route=%2Fwp%2Fv2%2Fmedia&parent=1029"}],"curies":[{"name":"wp","href":"https:\/\/api.w.org\/{rel}","templated":true}]}}