{"id":905,"date":"2023-11-12T10:11:36","date_gmt":"2023-11-12T09:11:36","guid":{"rendered":"https:\/\/racingperformance.fr\/?page_id=905"},"modified":"2024-02-18T02:05:39","modified_gmt":"2024-02-18T01:05:39","slug":"blog","status":"publish","type":"page","link":"https:\/\/racingperformance.fr\/?page_id=905","title":{"rendered":"Blog"},"content":{"rendered":"<style>.kb-row-layout-id905_2f2558-bb > .kt-row-column-wrap{align-content:start;}:where(.kb-row-layout-id905_2f2558-bb > .kt-row-column-wrap) > .wp-block-kadence-column{justify-content:start;}.kb-row-layout-id905_2f2558-bb > .kt-row-column-wrap{column-gap:var(--global-kb-gap-md, 2rem);row-gap:var(--global-kb-gap-md, 2rem);max-width:var( --global-content-width, 1290px );padding-left:var(--global-content-edge-padding);padding-right:var(--global-content-edge-padding);padding-top:140px;padding-bottom:100px;grid-template-columns:minmax(0, 1fr);}.kb-row-layout-id905_2f2558-bb{background-image:url('https:\/\/racingperformance.fr\/wp-content\/uploads\/2023\/11\/pexels-pixabay-315938-scaled.jpg');background-size:cover;background-position:50% 55.00000000000001%;background-attachment:scroll;background-repeat:no-repeat;}.kb-row-layout-id905_2f2558-bb > .kt-row-layout-overlay{opacity:0.40;background-color:#000000;mix-blend-mode:normal;}@media all and (max-width: 1024px){.kb-row-layout-id905_2f2558-bb > .kt-row-column-wrap{padding-top:80px;padding-bottom:80px;grid-template-columns:minmax(0, 1fr);}}@media all and (max-width: 767px){.kb-row-layout-id905_2f2558-bb > .kt-row-column-wrap{padding-top:100px;padding-right:30px;padding-bottom:80px;padding-left:30px;grid-template-columns:minmax(0, 1fr);}}<\/style><div class=\"kb-row-layout-wrap kb-row-layout-id905_2f2558-bb alignnone has-theme-palette8-background-color kt-row-has-bg wp-block-kadence-rowlayout\"><div class=\"kt-row-layout-overlay kt-row-overlay-normal\"><\/div><div class=\"kt-row-column-wrap kt-has-1-columns kt-row-layout-equal kt-tab-layout-inherit kt-mobile-layout-row kt-row-valign-top kb-theme-content-width\">\n<style>.kadence-column905_67d32e-d7 > .kt-inside-inner-col,.kadence-column905_67d32e-d7 > .kt-inside-inner-col:before{border-top-left-radius:0px;border-top-right-radius:0px;border-bottom-right-radius:0px;border-bottom-left-radius:0px;}.kadence-column905_67d32e-d7 > .kt-inside-inner-col{column-gap:var(--global-kb-gap-sm, 1rem);}.kadence-column905_67d32e-d7 > .kt-inside-inner-col{flex-direction:column;}.kadence-column905_67d32e-d7 > .kt-inside-inner-col > .aligncenter{width:100%;}.kadence-column905_67d32e-d7 > .kt-inside-inner-col:before{opacity:0.3;}.kadence-column905_67d32e-d7{position:relative;}@media all and (max-width: 1024px){.kadence-column905_67d32e-d7 > .kt-inside-inner-col{padding-top:0px;padding-right:0px;padding-bottom:0px;padding-left:0px;flex-direction:column;justify-content:center;}}@media all and (max-width: 767px){.kadence-column905_67d32e-d7 > .kt-inside-inner-col{flex-direction:column;justify-content:center;}}<\/style>\n<div class=\"wp-block-kadence-column kadence-column905_67d32e-d7 inner-column-1\"><div class=\"kt-inside-inner-col\"><style>.kb-row-layout-id905_3e111d-4f > .kt-row-column-wrap{align-content:start;}:where(.kb-row-layout-id905_3e111d-4f > .kt-row-column-wrap) > .wp-block-kadence-column{justify-content:start;}.kb-row-layout-id905_3e111d-4f > .kt-row-column-wrap{column-gap:var(--global-kb-gap-md, 2rem);row-gap:var(--global-kb-gap-md, 2rem);max-width:600px;margin-left:auto;margin-right:auto;padding-top:0px;padding-bottom:0px;grid-template-columns:minmax(0, 1fr);}.kb-row-layout-id905_3e111d-4f > .kt-row-layout-overlay{opacity:0.30;}@media all and (max-width: 1024px){.kb-row-layout-id905_3e111d-4f > .kt-row-column-wrap{padding-top:0px;padding-right:0px;padding-bottom:0px;padding-left:0px;grid-template-columns:minmax(0, 1fr);}}@media all and (max-width: 767px){.kb-row-layout-id905_3e111d-4f > .kt-row-column-wrap{grid-template-columns:minmax(0, 1fr);}}<\/style><div class=\"kb-row-layout-wrap kb-row-layout-id905_3e111d-4f alignnone wp-block-kadence-rowlayout\"><div class=\"kt-row-column-wrap kt-has-1-columns kt-row-layout-equal kt-tab-layout-inherit kt-mobile-layout-row kt-row-valign-top\">\n<style>.kadence-column905_843800-c5 > .kt-inside-inner-col{padding-right:40px;padding-left:40px;}.kadence-column905_843800-c5 > .kt-inside-inner-col,.kadence-column905_843800-c5 > .kt-inside-inner-col:before{border-top-left-radius:0px;border-top-right-radius:0px;border-bottom-right-radius:0px;border-bottom-left-radius:0px;}.kadence-column905_843800-c5 > .kt-inside-inner-col{column-gap:var(--global-kb-gap-sm, 1rem);}.kadence-column905_843800-c5 > .kt-inside-inner-col{flex-direction:column;}.kadence-column905_843800-c5 > .kt-inside-inner-col > .aligncenter{width:100%;}.kadence-column905_843800-c5 > .kt-inside-inner-col:before{opacity:0.3;}.kadence-column905_843800-c5{position:relative;}@media all and (max-width: 1024px){.kadence-column905_843800-c5 > .kt-inside-inner-col{flex-direction:column;justify-content:center;}}@media all and (max-width: 767px){.kadence-column905_843800-c5 > .kt-inside-inner-col{padding-right:0px;padding-left:0px;flex-direction:column;justify-content:center;}}<\/style>\n<div class=\"wp-block-kadence-column kadence-column905_843800-c5 inner-column-1\"><div class=\"kt-inside-inner-col\"><style>.wp-block-kadence-advancedheading.kt-adv-heading905_fa78a0-74, .wp-block-kadence-advancedheading.kt-adv-heading905_fa78a0-74[data-kb-block=\"kb-adv-heading905_fa78a0-74\"]{padding-top:0px;padding-right:0px;padding-bottom:20px;padding-left:0px;margin-top:0px;margin-right:0px;margin-bottom:0px;margin-left:0px;text-align:center;font-weight:600;font-style:normal;font-family:Orbitron;text-transform:none;text-shadow:2px 2px 2px rgba(0,0,0,0.86);}.wp-block-kadence-advancedheading.kt-adv-heading905_fa78a0-74 mark.kt-highlight, .wp-block-kadence-advancedheading.kt-adv-heading905_fa78a0-74[data-kb-block=\"kb-adv-heading905_fa78a0-74\"] mark.kt-highlight{font-style:normal;color:#f76a0c;-webkit-box-decoration-break:clone;box-decoration-break:clone;padding-top:0px;padding-right:0px;padding-bottom:0px;padding-left:0px;}@media all and (max-width: 1024px){.wp-block-kadence-advancedheading.kt-adv-heading905_fa78a0-74, .wp-block-kadence-advancedheading.kt-adv-heading905_fa78a0-74[data-kb-block=\"kb-adv-heading905_fa78a0-74\"]{text-shadow:2px 2px 2px rgba(0,0,0,0.86);}}@media all and (max-width: 767px){.wp-block-kadence-advancedheading.kt-adv-heading905_fa78a0-74, .wp-block-kadence-advancedheading.kt-adv-heading905_fa78a0-74[data-kb-block=\"kb-adv-heading905_fa78a0-74\"]{text-shadow:2px 2px 2px rgba(0,0,0,0.86);}}<\/style>\n<h1 class=\"kt-adv-heading905_fa78a0-74 wp-block-kadence-advancedheading has-theme-palette-3-color has-text-color\" data-kb-block=\"kb-adv-heading905_fa78a0-74\">Blog<\/h1>\n<\/div><\/div>\n\n<\/div><\/div><\/div><\/div>\n\n<\/div><\/div>\n\n<div class=\"wp-block-kadence-posts kb-posts kb-posts-id-905_69b386-0c content-wrap grid-cols kb-posts-style-boxed grid-sm-col-1 grid-lg-col-1 item-image-style-beside\"><article class=\"entry content-bg loop-entry post-1 post type-post status-publish format-standard has-post-thumbnail hentry\">\n\t\t\t<a class=\"post-thumbnail kadence-thumbnail-ratio-2-3\" href=\"https:\/\/racingperformance.fr\/?p=1\">\n\t\t\t<div class=\"post-thumbnail-inner\">\n\t\t\t\t<img loading=\"lazy\" decoding=\"async\" width=\"768\" height=\"512\" src=\"https:\/\/racingperformance.fr\/wp-content\/uploads\/2023\/11\/pexels-erik-mclean-5628292-768x512.jpg\" class=\"attachment-medium_large size-medium_large wp-post-image\" alt=\"La reprogrammation\" srcset=\"https:\/\/racingperformance.fr\/wp-content\/uploads\/2023\/11\/pexels-erik-mclean-5628292-768x512.jpg 768w, https:\/\/racingperformance.fr\/wp-content\/uploads\/2023\/11\/pexels-erik-mclean-5628292-300x200.jpg 300w, https:\/\/racingperformance.fr\/wp-content\/uploads\/2023\/11\/pexels-erik-mclean-5628292-1024x683.jpg 1024w, https:\/\/racingperformance.fr\/wp-content\/uploads\/2023\/11\/pexels-erik-mclean-5628292-1536x1024.jpg 1536w, https:\/\/racingperformance.fr\/wp-content\/uploads\/2023\/11\/pexels-erik-mclean-5628292-2048x1365.jpg 2048w\" sizes=\"(max-width: 768px) 100vw, 768px\" \/>\t\t\t<\/div>\n\t\t<\/a><!-- .post-thumbnail -->\n\t\t\t<div class=\"entry-content-wrap\">\n\t\t<header class=\"entry-header\">\n\t\t<div class=\"entry-taxonomies\">\n\t\t<span class=\"category-links term-links category-style-normal\">\n\t\t\t\t\t<\/span>\n\t<\/div><!-- .entry-taxonomies -->\n\t<h2 class=\"entry-title\"><a href=\"https:\/\/racingperformance.fr\/?p=1\" rel=\"bookmark\">La reprogrammation<\/a><\/h2>\t<div class=\"entry-meta entry-meta-divider-dot\">\n\t<span class=\"posted-by\"><span class=\"meta-label\">Par<\/span><span class=\"author vcard\"><span class=\"fn n\">Jim<\/span><\/span><\/span>\t\t\t<span class=\"posted-on\">\n\t\t\t\t<time class=\"entry-date published\" datetime=\"2023-11-07T22:30:38+01:00\">7 novembre 2023<\/time><time class=\"updated\" datetime=\"2023-11-30T15:53:15+01:00\">30 novembre 2023<\/time>\t\t\t<\/span>\n\t\t\t\t<\/div><!-- .entry-meta -->\n\t<\/header><!-- .entry-header -->\n\t<div class=\"entry-summary\">\n\t\t<p>Que vous soyez un passionn\u00e9 d&rsquo;automobile ou simplement \u00e0 la recherche de moyens pour am\u00e9liorer les performances&#8230;<\/p>\n\t<\/div><!-- .entry-summary -->\n\t<footer class=\"entry-footer\">\n\t\t\t<div class=\"entry-actions\">\n\t\t\t<p class=\"more-link-wrap\">\n\t\t\t\t<a href=\"https:\/\/racingperformance.fr\/?p=1\" class=\"post-more-link\">\n\t\t\t\t\tLIRE LA SUITE<span class=\"screen-reader-text\"> La reprogrammation<\/span><span class=\"kadence-svg-iconset svg-baseline\"><svg aria-hidden=\"true\" class=\"kadence-svg-icon kadence-arrow-right-alt-svg\" fill=\"currentColor\" version=\"1.1\" xmlns=\"http:\/\/www.w3.org\/2000\/svg\" width=\"27\" height=\"28\" viewBox=\"0 0 27 28\"><title>Continuer<\/title><path d=\"M27 13.953c0 0.141-0.063 0.281-0.156 0.375l-6 5.531c-0.156 0.141-0.359 0.172-0.547 0.094-0.172-0.078-0.297-0.25-0.297-0.453v-3.5h-19.5c-0.281 0-0.5-0.219-0.5-0.5v-3c0-0.281 0.219-0.5 0.5-0.5h19.5v-3.5c0-0.203 0.109-0.375 0.297-0.453s0.391-0.047 0.547 0.078l6 5.469c0.094 0.094 0.156 0.219 0.156 0.359v0z\"><\/path>\n\t\t\t<\/svg><\/span>\t\t\t\t<\/a>\n\t\t\t<\/p>\n\t\t<\/div><!-- .entry-actions -->\n\t\t<\/footer><!-- .entry-footer -->\t<\/div>\n<\/article>\n<article class=\"entry content-bg loop-entry post-701 post type-post status-publish format-standard has-post-thumbnail hentry\">\n\t\t\t<a class=\"post-thumbnail kadence-thumbnail-ratio-2-3\" href=\"https:\/\/racingperformance.fr\/?p=701\">\n\t\t\t<div class=\"post-thumbnail-inner\">\n\t\t\t\t<img loading=\"lazy\" decoding=\"async\" width=\"768\" height=\"576\" src=\"https:\/\/racingperformance.fr\/wp-content\/uploads\/2022\/06\/pexels-engin-akyurt-12377482-768x576.jpg\" class=\"attachment-medium_large size-medium_large wp-post-image\" alt=\"Les avantages de la conversion \u00e0 l&rsquo;\u00e9thanol E85\" srcset=\"https:\/\/racingperformance.fr\/wp-content\/uploads\/2022\/06\/pexels-engin-akyurt-12377482-768x576.jpg 768w, https:\/\/racingperformance.fr\/wp-content\/uploads\/2022\/06\/pexels-engin-akyurt-12377482-300x225.jpg 300w, https:\/\/racingperformance.fr\/wp-content\/uploads\/2022\/06\/pexels-engin-akyurt-12377482-1024x768.jpg 1024w, https:\/\/racingperformance.fr\/wp-content\/uploads\/2022\/06\/pexels-engin-akyurt-12377482-1536x1152.jpg 1536w, https:\/\/racingperformance.fr\/wp-content\/uploads\/2022\/06\/pexels-engin-akyurt-12377482-2048x1536.jpg 2048w\" sizes=\"(max-width: 768px) 100vw, 768px\" \/>\t\t\t<\/div>\n\t\t<\/a><!-- .post-thumbnail -->\n\t\t\t<div class=\"entry-content-wrap\">\n\t\t<header class=\"entry-header\">\n\t\t<div class=\"entry-taxonomies\">\n\t\t<span class=\"category-links term-links category-style-normal\">\n\t\t\t\t\t<\/span>\n\t<\/div><!-- .entry-taxonomies -->\n\t<h2 class=\"entry-title\"><a href=\"https:\/\/racingperformance.fr\/?p=701\" rel=\"bookmark\">Les avantages de la conversion \u00e0 l&rsquo;\u00e9thanol E85<\/a><\/h2>\t<div class=\"entry-meta entry-meta-divider-dot\">\n\t<span class=\"posted-by\"><span class=\"meta-label\">Par<\/span><span class=\"author vcard\"><span class=\"fn n\">Jim<\/span><\/span><\/span>\t\t\t<span class=\"posted-on\">\n\t\t\t\t<time class=\"entry-date published\" datetime=\"2022-06-22T19:52:01+02:00\">22 juin 2022<\/time><time class=\"updated\" datetime=\"2023-11-30T15:53:22+01:00\">30 novembre 2023<\/time>\t\t\t<\/span>\n\t\t\t\t<\/div><!-- .entry-meta -->\n\t<\/header><!-- .entry-header -->\n\t<div class=\"entry-summary\">\n\t\t<p>Les pr\u00e9occupations environnementales et la recherche constante de moyens pour \u00e9conomiser sur les co\u00fbts de carburant ont&#8230;<\/p>\n\t<\/div><!-- .entry-summary -->\n\t<footer class=\"entry-footer\">\n\t\t\t<div class=\"entry-actions\">\n\t\t\t<p class=\"more-link-wrap\">\n\t\t\t\t<a href=\"https:\/\/racingperformance.fr\/?p=701\" class=\"post-more-link\">\n\t\t\t\t\tLIRE LA SUITE<span class=\"screen-reader-text\"> Les avantages de la conversion \u00e0 l&rsquo;\u00e9thanol E85<\/span><span class=\"kadence-svg-iconset svg-baseline\"><svg aria-hidden=\"true\" class=\"kadence-svg-icon kadence-arrow-right-alt-svg\" fill=\"currentColor\" version=\"1.1\" xmlns=\"http:\/\/www.w3.org\/2000\/svg\" width=\"27\" height=\"28\" viewBox=\"0 0 27 28\"><title>Continuer<\/title><path d=\"M27 13.953c0 0.141-0.063 0.281-0.156 0.375l-6 5.531c-0.156 0.141-0.359 0.172-0.547 0.094-0.172-0.078-0.297-0.25-0.297-0.453v-3.5h-19.5c-0.281 0-0.5-0.219-0.5-0.5v-3c0-0.281 0.219-0.5 0.5-0.5h19.5v-3.5c0-0.203 0.109-0.375 0.297-0.453s0.391-0.047 0.547 0.078l6 5.469c0.094 0.094 0.156 0.219 0.156 0.359v0z\"><\/path>\n\t\t\t<\/svg><\/span>\t\t\t\t<\/a>\n\t\t\t<\/p>\n\t\t<\/div><!-- .entry-actions -->\n\t\t<\/footer><!-- .entry-footer -->\t<\/div>\n<\/article>\n<\/div>","protected":false},"excerpt":{"rendered":"<p>Blog<\/p>\n","protected":false},"author":1,"featured_media":0,"parent":0,"menu_order":0,"comment_status":"closed","ping_status":"closed","template":"","meta":{"_kadence_starter_templates_imported_post":true,"_kad_post_transparent":"","_kad_post_title":"hide","_kad_post_layout":"fullwidth","_kad_post_sidebar_id":"","_kad_post_content_style":"unboxed","_kad_post_vertical_padding":"hide","_kad_post_feature":"hide","_kad_post_feature_position":"","_kad_post_header":false,"_kad_post_footer":false,"footnotes":""},"_links":{"self":[{"href":"https:\/\/racingperformance.fr\/index.php?rest_route=\/wp\/v2\/pages\/905"}],"collection":[{"href":"https:\/\/racingperformance.fr\/index.php?rest_route=\/wp\/v2\/pages"}],"about":[{"href":"https:\/\/racingperformance.fr\/index.php?rest_route=\/wp\/v2\/types\/page"}],"author":[{"embeddable":true,"href":"https:\/\/racingperformance.fr\/index.php?rest_route=\/wp\/v2\/users\/1"}],"replies":[{"embeddable":true,"href":"https:\/\/racingperformance.fr\/index.php?rest_route=%2Fwp%2Fv2%2Fcomments&post=905"}],"version-history":[{"count":9,"href":"https:\/\/racingperformance.fr\/index.php?rest_route=\/wp\/v2\/pages\/905\/revisions"}],"predecessor-version":[{"id":1067,"href":"https:\/\/racingperformance.fr\/index.php?rest_route=\/wp\/v2\/pages\/905\/revisions\/1067"}],"wp:attachment":[{"href":"https:\/\/racingperformance.fr\/index.php?rest_route=%2Fwp%2Fv2%2Fmedia&parent=905"}],"curies":[{"name":"wp","href":"https:\/\/api.w.org\/{rel}","templated":true}]}}